{"id":7853,"date":"2020-06-01T20:38:27","date_gmt":"2020-06-01T18:38:27","guid":{"rendered":"https:\/\/planbleu.org\/launch-seminar-of-environment-medialab-project\/"},"modified":"2020-06-01T20:38:34","modified_gmt":"2020-06-01T18:38:34","slug":"launch-seminar-of-environment-medialab-project","status":"publish","type":"page","link":"https:\/\/planbleu.org\/en\/launch-seminar-of-environment-medialab-project\/","title":{"rendered":"Launch seminar of Environment MediaLab project"},"content":{"rendered":"<p>Plan Bleu participated Thursday, October 24, 2019 in the launching seminar of the Environment MediaLab project, that aims to encourage the integration of environmental issues in the work produced by journalists, relying on the expertise of local actors from the three shores of the Mediterranean basin.<br \/>\n<!--more--><\/p>\n<p><img decoding=\"async\" alt=\"\" src=\"http:\/\/planbleu.org\/wp-content\/uploads\/2019\/10\/MediaLab_Environnement.jpg\" style=\"width: 400px; height: 303px; float: right; margin-left: 5px; margin-right: 5px;\">Plan Bleu participated Thursday, October 24, 2019 in the launching <strong>seminar<\/strong>of the <strong><a href=\"https:\/\/www.cfi.fr\/fr\/projet\/medialab-environnement\" target=\"_blank\" rel=\"noopener noreferrer\">Environment MediaLab project<\/a><\/strong>, supported by the CFI Media Development, with the support of the Ministry of Europe and Foreign Affairs. This project aims to encourage the integration of environmental issues in the work produced by journalists, relying on the expertise of local actors from the three shores of the Mediterranean basin.<\/p>\n<p>Thierry Lavoux, Chairman of Plan Bleu, presented the Plan Bleu&#8217;s missions, as well as the Mediterranean Action Plan and the objectives of the Mediterranean Strategy for Sustainable Development. He supported the real need to work hand in hand with the Mediterranean media at different scales, so that the key messages conveyed by the work of Plan Bleu are disseminated effectively.<\/p>\n<p>Environment MediaLab project strives to diversify the bridges between institutional actors, journalists, scientific and local actors, and paves the way for fruitful collaborations as early as 2020.&nbsp;<\/p>\n<p><strong><a href=\"http:\/\/planbleu.org\/wp-content\/uploads\/2019\/10\/Programme-seminaire-de-lancement_final2-.pdf\" target=\"_blank\" rel=\"noopener noreferrer\">Agenda<\/a><\/strong><\/p>\n","protected":false},"excerpt":{"rendered":"<p>Plan Bleu participated Thursday, October 24, 2019 in the launching seminar of the Environment MediaLab project, that aims to encourage the integration of environmental issues in the work produced by journalists, relying on the expertise of local actors from the three shores of the Mediterranean basin.<\/p>\n","protected":false},"author":326,"featured_media":55,"parent":0,"menu_order":55,"comment_status":"closed","ping_status":"closed","template":"","meta":{"footnotes":""},"tags":[],"pb_tags":[],"class_list":["post-7853","page","type-page","status-publish","has-post-thumbnail","hentry"],"yoast_head":"<!-- This site is optimized with the Yoast SEO plugin v25.1 - https:\/\/yoast.com\/wordpress\/plugins\/seo\/ -->\n<title>Launch seminar of Environment MediaLab project - Plan-bleu : Environnement et d\u00e9veloppement en M\u00e9diterran\u00e9e<\/title>\n<meta name=\"robots\" content=\"index, follow, max-snippet:-1, max-image-preview:large, max-video-preview:-1\" \/>\n<link rel=\"canonical\" href=\"https:\/\/planbleu.org\/en\/launch-seminar-of-environment-medialab-project\/\" \/>\n<meta property=\"og:locale\" content=\"en_US\" \/>\n<meta property=\"og:type\" content=\"article\" \/>\n<meta property=\"og:title\" content=\"Launch seminar of Environment MediaLab project - Plan-bleu : Environnement et d\u00e9veloppement en M\u00e9diterran\u00e9e\" \/>\n<meta property=\"og:description\" content=\"Plan Bleu participated Thursday, October 24, 2019 in the launching seminar of the Environment MediaLab project, that aims to encourage the integration of environmental issues in the work produced by journalists, relying on the expertise of local actors from the three shores of the Mediterranean basin.\" \/>\n<meta property=\"og:url\" content=\"https:\/\/planbleu.org\/en\/launch-seminar-of-environment-medialab-project\/\" \/>\n<meta property=\"og:site_name\" content=\"Plan-bleu : Environnement et d\u00e9veloppement en M\u00e9diterran\u00e9e\" \/>\n<meta property=\"article:publisher\" content=\"https:\/\/www.facebook.com\/planbleu.org\" \/>\n<meta property=\"article:modified_time\" content=\"2020-06-01T18:38:34+00:00\" \/>\n<meta property=\"og:image\" content=\"https:\/\/planbleu.org\/wp-content\/uploads\/2019\/10\/MediaLab_Environnement.jpg\" \/>\n\t<meta property=\"og:image:width\" content=\"1084\" \/>\n\t<meta property=\"og:image:height\" content=\"822\" \/>\n\t<meta property=\"og:image:type\" content=\"image\/jpeg\" \/>\n<meta name=\"twitter:card\" content=\"summary_large_image\" \/>\n<meta name=\"twitter:label1\" content=\"Est. reading time\" \/>\n\t<meta name=\"twitter:data1\" content=\"1 minute\" \/>\n<script type=\"application\/ld+json\" class=\"yoast-schema-graph\">{\"@context\":\"https:\/\/schema.org\",\"@graph\":[{\"@type\":\"WebPage\",\"@id\":\"https:\/\/planbleu.org\/en\/launch-seminar-of-environment-medialab-project\/\",\"url\":\"https:\/\/planbleu.org\/en\/launch-seminar-of-environment-medialab-project\/\",\"name\":\"Launch seminar of Environment MediaLab project - Plan-bleu : Environnement et d\u00e9veloppement en M\u00e9diterran\u00e9e\",\"isPartOf\":{\"@id\":\"https:\/\/planbleu.org\/#website\"},\"primaryImageOfPage\":{\"@id\":\"https:\/\/planbleu.org\/en\/launch-seminar-of-environment-medialab-project\/#primaryimage\"},\"image\":{\"@id\":\"https:\/\/planbleu.org\/en\/launch-seminar-of-environment-medialab-project\/#primaryimage\"},\"thumbnailUrl\":\"https:\/\/planbleu.org\/wp-content\/uploads\/2019\/10\/MediaLab_Environnement.jpg\",\"datePublished\":\"2020-06-01T18:38:27+00:00\",\"dateModified\":\"2020-06-01T18:38:34+00:00\",\"breadcrumb\":{\"@id\":\"https:\/\/planbleu.org\/en\/launch-seminar-of-environment-medialab-project\/#breadcrumb\"},\"inLanguage\":\"en-US\",\"potentialAction\":[{\"@type\":\"ReadAction\",\"target\":[\"https:\/\/planbleu.org\/en\/launch-seminar-of-environment-medialab-project\/\"]}]},{\"@type\":\"ImageObject\",\"inLanguage\":\"en-US\",\"@id\":\"https:\/\/planbleu.org\/en\/launch-seminar-of-environment-medialab-project\/#primaryimage\",\"url\":\"https:\/\/planbleu.org\/wp-content\/uploads\/2019\/10\/MediaLab_Environnement.jpg\",\"contentUrl\":\"https:\/\/planbleu.org\/wp-content\/uploads\/2019\/10\/MediaLab_Environnement.jpg\",\"width\":1084,\"height\":822},{\"@type\":\"BreadcrumbList\",\"@id\":\"https:\/\/planbleu.org\/en\/launch-seminar-of-environment-medialab-project\/#breadcrumb\",\"itemListElement\":[{\"@type\":\"ListItem\",\"position\":1,\"name\":\"Home\",\"item\":\"https:\/\/planbleu.org\/en\/\"},{\"@type\":\"ListItem\",\"position\":2,\"name\":\"Launch seminar of Environment MediaLab project\"}]},{\"@type\":\"WebSite\",\"@id\":\"https:\/\/planbleu.org\/#website\",\"url\":\"https:\/\/planbleu.org\/\",\"name\":\"Plan-bleu : Environnement et d\u00e9veloppement en M\u00e9diterran\u00e9e\",\"description\":\"\",\"publisher\":{\"@id\":\"https:\/\/planbleu.org\/#organization\"},\"potentialAction\":[{\"@type\":\"SearchAction\",\"target\":{\"@type\":\"EntryPoint\",\"urlTemplate\":\"https:\/\/planbleu.org\/?s={search_term_string}\"},\"query-input\":{\"@type\":\"PropertyValueSpecification\",\"valueRequired\":true,\"valueName\":\"search_term_string\"}}],\"inLanguage\":\"en-US\"},{\"@type\":\"Organization\",\"@id\":\"https:\/\/planbleu.org\/#organization\",\"name\":\"Plan-bleu : Environnement et d\u00e9veloppement en M\u00e9diterran\u00e9e\",\"url\":\"https:\/\/planbleu.org\/\",\"logo\":{\"@type\":\"ImageObject\",\"inLanguage\":\"en-US\",\"@id\":\"https:\/\/planbleu.org\/#\/schema\/logo\/image\/\",\"url\":\"https:\/\/planbleu.org\/wp-content\/uploads\/2023\/04\/cropped-PB-pantone-base-FR-300x196-1.png\",\"contentUrl\":\"https:\/\/planbleu.org\/wp-content\/uploads\/2023\/04\/cropped-PB-pantone-base-FR-300x196-1.png\",\"width\":300,\"height\":196,\"caption\":\"Plan-bleu : Environnement et d\u00e9veloppement en M\u00e9diterran\u00e9e\"},\"image\":{\"@id\":\"https:\/\/planbleu.org\/#\/schema\/logo\/image\/\"},\"sameAs\":[\"https:\/\/www.facebook.com\/planbleu.org\"]}]}<\/script>\n<!-- \/ Yoast SEO plugin. -->","yoast_head_json":{"title":"Launch seminar of Environment MediaLab project - Plan-bleu : Environnement et d\u00e9veloppement en M\u00e9diterran\u00e9e","robots":{"index":"index","follow":"follow","max-snippet":"max-snippet:-1","max-image-preview":"max-image-preview:large","max-video-preview":"max-video-preview:-1"},"canonical":"https:\/\/planbleu.org\/en\/launch-seminar-of-environment-medialab-project\/","og_locale":"en_US","og_type":"article","og_title":"Launch seminar of Environment MediaLab project - Plan-bleu : Environnement et d\u00e9veloppement en M\u00e9diterran\u00e9e","og_description":"Plan Bleu participated Thursday, October 24, 2019 in the launching seminar of the Environment MediaLab project, that aims to encourage the integration of environmental issues in the work produced by journalists, relying on the expertise of local actors from the three shores of the Mediterranean basin.","og_url":"https:\/\/planbleu.org\/en\/launch-seminar-of-environment-medialab-project\/","og_site_name":"Plan-bleu : Environnement et d\u00e9veloppement en M\u00e9diterran\u00e9e","article_publisher":"https:\/\/www.facebook.com\/planbleu.org","article_modified_time":"2020-06-01T18:38:34+00:00","og_image":[{"width":1084,"height":822,"url":"https:\/\/planbleu.org\/wp-content\/uploads\/2019\/10\/MediaLab_Environnement.jpg","type":"image\/jpeg"}],"twitter_card":"summary_large_image","twitter_misc":{"Est. reading time":"1 minute"},"schema":{"@context":"https:\/\/schema.org","@graph":[{"@type":"WebPage","@id":"https:\/\/planbleu.org\/en\/launch-seminar-of-environment-medialab-project\/","url":"https:\/\/planbleu.org\/en\/launch-seminar-of-environment-medialab-project\/","name":"Launch seminar of Environment MediaLab project - Plan-bleu : Environnement et d\u00e9veloppement en M\u00e9diterran\u00e9e","isPartOf":{"@id":"https:\/\/planbleu.org\/#website"},"primaryImageOfPage":{"@id":"https:\/\/planbleu.org\/en\/launch-seminar-of-environment-medialab-project\/#primaryimage"},"image":{"@id":"https:\/\/planbleu.org\/en\/launch-seminar-of-environment-medialab-project\/#primaryimage"},"thumbnailUrl":"https:\/\/planbleu.org\/wp-content\/uploads\/2019\/10\/MediaLab_Environnement.jpg","datePublished":"2020-06-01T18:38:27+00:00","dateModified":"2020-06-01T18:38:34+00:00","breadcrumb":{"@id":"https:\/\/planbleu.org\/en\/launch-seminar-of-environment-medialab-project\/#breadcrumb"},"inLanguage":"en-US","potentialAction":[{"@type":"ReadAction","target":["https:\/\/planbleu.org\/en\/launch-seminar-of-environment-medialab-project\/"]}]},{"@type":"ImageObject","inLanguage":"en-US","@id":"https:\/\/planbleu.org\/en\/launch-seminar-of-environment-medialab-project\/#primaryimage","url":"https:\/\/planbleu.org\/wp-content\/uploads\/2019\/10\/MediaLab_Environnement.jpg","contentUrl":"https:\/\/planbleu.org\/wp-content\/uploads\/2019\/10\/MediaLab_Environnement.jpg","width":1084,"height":822},{"@type":"BreadcrumbList","@id":"https:\/\/planbleu.org\/en\/launch-seminar-of-environment-medialab-project\/#breadcrumb","itemListElement":[{"@type":"ListItem","position":1,"name":"Home","item":"https:\/\/planbleu.org\/en\/"},{"@type":"ListItem","position":2,"name":"Launch seminar of Environment MediaLab project"}]},{"@type":"WebSite","@id":"https:\/\/planbleu.org\/#website","url":"https:\/\/planbleu.org\/","name":"Plan-bleu : Environnement et d\u00e9veloppement en M\u00e9diterran\u00e9e","description":"","publisher":{"@id":"https:\/\/planbleu.org\/#organization"},"potentialAction":[{"@type":"SearchAction","target":{"@type":"EntryPoint","urlTemplate":"https:\/\/planbleu.org\/?s={search_term_string}"},"query-input":{"@type":"PropertyValueSpecification","valueRequired":true,"valueName":"search_term_string"}}],"inLanguage":"en-US"},{"@type":"Organization","@id":"https:\/\/planbleu.org\/#organization","name":"Plan-bleu : Environnement et d\u00e9veloppement en M\u00e9diterran\u00e9e","url":"https:\/\/planbleu.org\/","logo":{"@type":"ImageObject","inLanguage":"en-US","@id":"https:\/\/planbleu.org\/#\/schema\/logo\/image\/","url":"https:\/\/planbleu.org\/wp-content\/uploads\/2023\/04\/cropped-PB-pantone-base-FR-300x196-1.png","contentUrl":"https:\/\/planbleu.org\/wp-content\/uploads\/2023\/04\/cropped-PB-pantone-base-FR-300x196-1.png","width":300,"height":196,"caption":"Plan-bleu : Environnement et d\u00e9veloppement en M\u00e9diterran\u00e9e"},"image":{"@id":"https:\/\/planbleu.org\/#\/schema\/logo\/image\/"},"sameAs":["https:\/\/www.facebook.com\/planbleu.org"]}]}},"_links":{"self":[{"href":"https:\/\/planbleu.org\/en\/wp-json\/wp\/v2\/pages\/7853","targetHints":{"allow":["GET"]}}],"collection":[{"href":"https:\/\/planbleu.org\/en\/wp-json\/wp\/v2\/pages"}],"about":[{"href":"https:\/\/planbleu.org\/en\/wp-json\/wp\/v2\/types\/page"}],"author":[{"embeddable":true,"href":"https:\/\/planbleu.org\/en\/wp-json\/wp\/v2\/users\/326"}],"replies":[{"embeddable":true,"href":"https:\/\/planbleu.org\/en\/wp-json\/wp\/v2\/comments?post=7853"}],"version-history":[{"count":0,"href":"https:\/\/planbleu.org\/en\/wp-json\/wp\/v2\/pages\/7853\/revisions"}],"wp:featuredmedia":[{"embeddable":true,"href":"https:\/\/planbleu.org\/en\/wp-json\/wp\/v2\/media\/55"}],"wp:attachment":[{"href":"https:\/\/planbleu.org\/en\/wp-json\/wp\/v2\/media?parent=7853"}],"wp:term":[{"taxonomy":"post_tag","embeddable":true,"href":"https:\/\/planbleu.org\/en\/wp-json\/wp\/v2\/tags?post=7853"},{"taxonomy":"pb_tags","embeddable":true,"href":"https:\/\/planbleu.org\/en\/wp-json\/wp\/v2\/pb_tags?post=7853"}],"curies":[{"name":"wp","href":"https:\/\/api.w.org\/{rel}","templated":true}]}}