{"id":7824,"date":"2020-06-01T20:11:57","date_gmt":"2020-06-01T18:11:57","guid":{"rendered":"https:\/\/planbleu.org\/plan-bleu-newsletter-the-february-issue-is-available\/"},"modified":"2020-06-01T20:11:57","modified_gmt":"2020-06-01T18:11:57","slug":"plan-bleu-newsletter-the-february-issue-is-available","status":"publish","type":"page","link":"https:\/\/planbleu.org\/en\/plan-bleu-newsletter-the-february-issue-is-available\/","title":{"rendered":"Plan Bleu Newsletter: the February issue is available!"},"content":{"rendered":"<p>To learn more about our recent and upcoming activities and events, browse the new issue of our Newsletter! And if you have not already done so, subscribe to our mailing list to receive the Newsletter by email as soon as it is published.<br \/>\n<!--more--><\/p>\n<p><img decoding=\"async\" alt=\"\" src=\"https:\/\/planbleu.org\/wp-content\/uploads\/2019\/02\/PlanBleu_Newsletter_fevrier2109.png\" style=\"width: 250px; height: 294px; float: right; margin-left: 5px; margin-right: 5px;\">To learn more about our recent and upcoming activities and events, browse<a href=\"https:\/\/mailchi.mp\/209180e6d95e\/plan-bleu-newsletter-5-fevrier-1441837\" target=\"_blank\" rel=\"noopener noreferrer\"><strong>the new issue of our Newsletter<\/strong><\/a>!<\/p>\n<p>You will find there an editorial by the President of Plan Bleu dedicated to climate change in the Mediterranean and a focus on the workshop held in Marseille in January, on nature-based solutions.<\/p>\n<p>And if you have not already done so, <strong><a href=\"http:\/\/planbleu.org\/fr\/recevez-la-newsletter-du-plan-bleu\" target=\"_blank\" rel=\"noopener noreferrer\">subscribe<\/a><\/strong> to our mailing list to receive the Newsletter by email as soon as it is published.<\/p>\n<p>You can also consult <strong><a href=\"http:\/\/planbleu.org\/fr\/recevez-la-newsletter-du-plan-bleu\" target=\"_blank\" rel=\"noopener noreferrer\">previous issues<\/a><\/strong> on our website.&nbsp;<\/p>\n","protected":false},"excerpt":{"rendered":"<p>To learn more about our recent and upcoming activities and events, browse the new issue of our Newsletter! And if you have not already done so, subscribe to our mailing list to receive the Newsletter by email as soon as it is published.<\/p>\n","protected":false},"author":326,"featured_media":33,"parent":0,"menu_order":66,"comment_status":"closed","ping_status":"closed","template":"","meta":{"footnotes":""},"tags":[],"pb_tags":[],"class_list":["post-7824","page","type-page","status-publish","has-post-thumbnail","hentry"],"yoast_head":"<!-- This site is optimized with the Yoast SEO plugin v25.1 - https:\/\/yoast.com\/wordpress\/plugins\/seo\/ -->\n<title>Plan Bleu Newsletter: the February issue is available! - Plan-bleu : Environnement et d\u00e9veloppement en M\u00e9diterran\u00e9e<\/title>\n<meta name=\"robots\" content=\"index, follow, max-snippet:-1, max-image-preview:large, max-video-preview:-1\" \/>\n<link rel=\"canonical\" href=\"https:\/\/planbleu.org\/?page_id=34\" \/>\n<meta property=\"og:locale\" content=\"en_US\" \/>\n<meta property=\"og:type\" content=\"article\" \/>\n<meta property=\"og:title\" content=\"Plan Bleu Newsletter: the February issue is available! - Plan-bleu : Environnement et d\u00e9veloppement en M\u00e9diterran\u00e9e\" \/>\n<meta property=\"og:description\" content=\"To learn more about our recent and upcoming activities and events, browse the new issue of our Newsletter! And if you have not already done so, subscribe to our mailing list to receive the Newsletter by email as soon as it is published.\" \/>\n<meta property=\"og:url\" content=\"https:\/\/planbleu.org\/?page_id=34\" \/>\n<meta property=\"og:site_name\" content=\"Plan-bleu : Environnement et d\u00e9veloppement en M\u00e9diterran\u00e9e\" \/>\n<meta property=\"article:publisher\" content=\"https:\/\/www.facebook.com\/planbleu.org\" \/>\n<meta property=\"og:image\" content=\"https:\/\/planbleu.org\/wp-content\/uploads\/2019\/02\/PlanBleu_Newsletter_fevrier2109.png\" \/>\n\t<meta property=\"og:image:width\" content=\"737\" \/>\n\t<meta property=\"og:image:height\" content=\"866\" \/>\n\t<meta property=\"og:image:type\" content=\"image\/png\" \/>\n<meta name=\"twitter:card\" content=\"summary_large_image\" \/>\n<meta name=\"twitter:label1\" content=\"Est. reading time\" \/>\n\t<meta name=\"twitter:data1\" content=\"1 minute\" \/>\n<script type=\"application\/ld+json\" class=\"yoast-schema-graph\">{\"@context\":\"https:\/\/schema.org\",\"@graph\":[{\"@type\":\"WebPage\",\"@id\":\"https:\/\/planbleu.org\/?page_id=34\",\"url\":\"https:\/\/planbleu.org\/?page_id=34\",\"name\":\"Plan Bleu Newsletter: the February issue is available! - Plan-bleu : Environnement et d\u00e9veloppement en M\u00e9diterran\u00e9e\",\"isPartOf\":{\"@id\":\"https:\/\/planbleu.org\/#website\"},\"primaryImageOfPage\":{\"@id\":\"https:\/\/planbleu.org\/?page_id=34#primaryimage\"},\"image\":{\"@id\":\"https:\/\/planbleu.org\/?page_id=34#primaryimage\"},\"thumbnailUrl\":\"https:\/\/planbleu.org\/wp-content\/uploads\/2019\/02\/PlanBleu_Newsletter_fevrier2109.png\",\"datePublished\":\"2020-06-01T18:11:57+00:00\",\"breadcrumb\":{\"@id\":\"https:\/\/planbleu.org\/?page_id=34#breadcrumb\"},\"inLanguage\":\"en-US\",\"potentialAction\":[{\"@type\":\"ReadAction\",\"target\":[\"https:\/\/planbleu.org\/?page_id=34\"]}]},{\"@type\":\"ImageObject\",\"inLanguage\":\"en-US\",\"@id\":\"https:\/\/planbleu.org\/?page_id=34#primaryimage\",\"url\":\"https:\/\/planbleu.org\/wp-content\/uploads\/2019\/02\/PlanBleu_Newsletter_fevrier2109.png\",\"contentUrl\":\"https:\/\/planbleu.org\/wp-content\/uploads\/2019\/02\/PlanBleu_Newsletter_fevrier2109.png\",\"width\":737,\"height\":866},{\"@type\":\"BreadcrumbList\",\"@id\":\"https:\/\/planbleu.org\/?page_id=34#breadcrumb\",\"itemListElement\":[{\"@type\":\"ListItem\",\"position\":1,\"name\":\"Home\",\"item\":\"https:\/\/planbleu.org\/en\/\"},{\"@type\":\"ListItem\",\"position\":2,\"name\":\"Plan Bleu Newsletter: the February issue is available!\"}]},{\"@type\":\"WebSite\",\"@id\":\"https:\/\/planbleu.org\/#website\",\"url\":\"https:\/\/planbleu.org\/\",\"name\":\"Plan-bleu : Environnement et d\u00e9veloppement en M\u00e9diterran\u00e9e\",\"description\":\"\",\"publisher\":{\"@id\":\"https:\/\/planbleu.org\/#organization\"},\"potentialAction\":[{\"@type\":\"SearchAction\",\"target\":{\"@type\":\"EntryPoint\",\"urlTemplate\":\"https:\/\/planbleu.org\/?s={search_term_string}\"},\"query-input\":{\"@type\":\"PropertyValueSpecification\",\"valueRequired\":true,\"valueName\":\"search_term_string\"}}],\"inLanguage\":\"en-US\"},{\"@type\":\"Organization\",\"@id\":\"https:\/\/planbleu.org\/#organization\",\"name\":\"Plan-bleu : Environnement et d\u00e9veloppement en M\u00e9diterran\u00e9e\",\"url\":\"https:\/\/planbleu.org\/\",\"logo\":{\"@type\":\"ImageObject\",\"inLanguage\":\"en-US\",\"@id\":\"https:\/\/planbleu.org\/#\/schema\/logo\/image\/\",\"url\":\"https:\/\/planbleu.org\/wp-content\/uploads\/2023\/04\/cropped-PB-pantone-base-FR-300x196-1.png\",\"contentUrl\":\"https:\/\/planbleu.org\/wp-content\/uploads\/2023\/04\/cropped-PB-pantone-base-FR-300x196-1.png\",\"width\":300,\"height\":196,\"caption\":\"Plan-bleu : Environnement et d\u00e9veloppement en M\u00e9diterran\u00e9e\"},\"image\":{\"@id\":\"https:\/\/planbleu.org\/#\/schema\/logo\/image\/\"},\"sameAs\":[\"https:\/\/www.facebook.com\/planbleu.org\"]}]}<\/script>\n<!-- \/ Yoast SEO plugin. -->","yoast_head_json":{"title":"Plan Bleu Newsletter: the February issue is available! - Plan-bleu : Environnement et d\u00e9veloppement en M\u00e9diterran\u00e9e","robots":{"index":"index","follow":"follow","max-snippet":"max-snippet:-1","max-image-preview":"max-image-preview:large","max-video-preview":"max-video-preview:-1"},"canonical":"https:\/\/planbleu.org\/?page_id=34","og_locale":"en_US","og_type":"article","og_title":"Plan Bleu Newsletter: the February issue is available! - Plan-bleu : Environnement et d\u00e9veloppement en M\u00e9diterran\u00e9e","og_description":"To learn more about our recent and upcoming activities and events, browse the new issue of our Newsletter! And if you have not already done so, subscribe to our mailing list to receive the Newsletter by email as soon as it is published.","og_url":"https:\/\/planbleu.org\/?page_id=34","og_site_name":"Plan-bleu : Environnement et d\u00e9veloppement en M\u00e9diterran\u00e9e","article_publisher":"https:\/\/www.facebook.com\/planbleu.org","og_image":[{"width":737,"height":866,"url":"https:\/\/planbleu.org\/wp-content\/uploads\/2019\/02\/PlanBleu_Newsletter_fevrier2109.png","type":"image\/png"}],"twitter_card":"summary_large_image","twitter_misc":{"Est. reading time":"1 minute"},"schema":{"@context":"https:\/\/schema.org","@graph":[{"@type":"WebPage","@id":"https:\/\/planbleu.org\/?page_id=34","url":"https:\/\/planbleu.org\/?page_id=34","name":"Plan Bleu Newsletter: the February issue is available! - Plan-bleu : Environnement et d\u00e9veloppement en M\u00e9diterran\u00e9e","isPartOf":{"@id":"https:\/\/planbleu.org\/#website"},"primaryImageOfPage":{"@id":"https:\/\/planbleu.org\/?page_id=34#primaryimage"},"image":{"@id":"https:\/\/planbleu.org\/?page_id=34#primaryimage"},"thumbnailUrl":"https:\/\/planbleu.org\/wp-content\/uploads\/2019\/02\/PlanBleu_Newsletter_fevrier2109.png","datePublished":"2020-06-01T18:11:57+00:00","breadcrumb":{"@id":"https:\/\/planbleu.org\/?page_id=34#breadcrumb"},"inLanguage":"en-US","potentialAction":[{"@type":"ReadAction","target":["https:\/\/planbleu.org\/?page_id=34"]}]},{"@type":"ImageObject","inLanguage":"en-US","@id":"https:\/\/planbleu.org\/?page_id=34#primaryimage","url":"https:\/\/planbleu.org\/wp-content\/uploads\/2019\/02\/PlanBleu_Newsletter_fevrier2109.png","contentUrl":"https:\/\/planbleu.org\/wp-content\/uploads\/2019\/02\/PlanBleu_Newsletter_fevrier2109.png","width":737,"height":866},{"@type":"BreadcrumbList","@id":"https:\/\/planbleu.org\/?page_id=34#breadcrumb","itemListElement":[{"@type":"ListItem","position":1,"name":"Home","item":"https:\/\/planbleu.org\/en\/"},{"@type":"ListItem","position":2,"name":"Plan Bleu Newsletter: the February issue is available!"}]},{"@type":"WebSite","@id":"https:\/\/planbleu.org\/#website","url":"https:\/\/planbleu.org\/","name":"Plan-bleu : Environnement et d\u00e9veloppement en M\u00e9diterran\u00e9e","description":"","publisher":{"@id":"https:\/\/planbleu.org\/#organization"},"potentialAction":[{"@type":"SearchAction","target":{"@type":"EntryPoint","urlTemplate":"https:\/\/planbleu.org\/?s={search_term_string}"},"query-input":{"@type":"PropertyValueSpecification","valueRequired":true,"valueName":"search_term_string"}}],"inLanguage":"en-US"},{"@type":"Organization","@id":"https:\/\/planbleu.org\/#organization","name":"Plan-bleu : Environnement et d\u00e9veloppement en M\u00e9diterran\u00e9e","url":"https:\/\/planbleu.org\/","logo":{"@type":"ImageObject","inLanguage":"en-US","@id":"https:\/\/planbleu.org\/#\/schema\/logo\/image\/","url":"https:\/\/planbleu.org\/wp-content\/uploads\/2023\/04\/cropped-PB-pantone-base-FR-300x196-1.png","contentUrl":"https:\/\/planbleu.org\/wp-content\/uploads\/2023\/04\/cropped-PB-pantone-base-FR-300x196-1.png","width":300,"height":196,"caption":"Plan-bleu : Environnement et d\u00e9veloppement en M\u00e9diterran\u00e9e"},"image":{"@id":"https:\/\/planbleu.org\/#\/schema\/logo\/image\/"},"sameAs":["https:\/\/www.facebook.com\/planbleu.org"]}]}},"_links":{"self":[{"href":"https:\/\/planbleu.org\/en\/wp-json\/wp\/v2\/pages\/7824","targetHints":{"allow":["GET"]}}],"collection":[{"href":"https:\/\/planbleu.org\/en\/wp-json\/wp\/v2\/pages"}],"about":[{"href":"https:\/\/planbleu.org\/en\/wp-json\/wp\/v2\/types\/page"}],"author":[{"embeddable":true,"href":"https:\/\/planbleu.org\/en\/wp-json\/wp\/v2\/users\/326"}],"replies":[{"embeddable":true,"href":"https:\/\/planbleu.org\/en\/wp-json\/wp\/v2\/comments?post=7824"}],"version-history":[{"count":0,"href":"https:\/\/planbleu.org\/en\/wp-json\/wp\/v2\/pages\/7824\/revisions"}],"wp:featuredmedia":[{"embeddable":true,"href":"https:\/\/planbleu.org\/en\/wp-json\/wp\/v2\/media\/33"}],"wp:attachment":[{"href":"https:\/\/planbleu.org\/en\/wp-json\/wp\/v2\/media?parent=7824"}],"wp:term":[{"taxonomy":"post_tag","embeddable":true,"href":"https:\/\/planbleu.org\/en\/wp-json\/wp\/v2\/tags?post=7824"},{"taxonomy":"pb_tags","embeddable":true,"href":"https:\/\/planbleu.org\/en\/wp-json\/wp\/v2\/pb_tags?post=7824"}],"curies":[{"name":"wp","href":"https:\/\/api.w.org\/{rel}","templated":true}]}}