{"id":7775,"date":"2020-06-01T19:06:50","date_gmt":"2020-06-01T17:06:50","guid":{"rendered":"https:\/\/planbleu.org\/contact-and-access\/"},"modified":"2020-06-01T19:06:50","modified_gmt":"2020-06-01T17:06:50","slug":"contact-and-access","status":"publish","type":"page","link":"https:\/\/planbleu.org\/en\/contact-and-access\/","title":{"rendered":"Contact and access"},"content":{"rendered":"<p class=\"titre-contact\">Plan Bleu is hosted in Sophia Antipolis and Marseilles.<\/p>\n<p class=\"titre-contact\">&nbsp;<\/p>\n<table align=\"center\" border=\"0\" cellpadding=\"0\" cellspacing=\"0\" style=\"width: 800px;\">\n<tbody>\n<tr>\n<td>\n<p class=\"titre-vert2\" style=\"text-align: center;\">Sophia Antipolis site<\/p>\n<\/td>\n<td>\n<p class=\"titre-vert2\" style=\"text-align: center;\">Marseille site<\/p>\n<\/td>\n<\/tr>\n<tr>\n<td style=\"width: 400px; text-align: center; vertical-align: top;\">\n<p>Plan Bleu<br \/>2000 Route des Lucioles&nbsp;<br \/>Les Algorithmes &#8211; Thales A<br \/>06410 Biot-Sophia&nbsp;Antipolis<br \/><a href=\"https:\/\/www.google.fr\/maps\/place\/Regus+Sophia-Antipolis\/@43.6133649,7.0718879,15z\/data=!4m5!3m4!1s0x12cc2b04ed7eabf5:0xc3c20d9e203040eb!8m2!3d43.6156797!4d7.0662874\" target=\"_blank\" rel=\"noopener noreferrer\">Access map<\/a><\/p>\n<\/td>\n<td style=\"text-align: center; vertical-align: top;\">\n<p>Plan Bleu<br \/>Villa Valmer<br \/>271 Corniche Kennedy<br \/>13007&nbsp;Marseille, France<br \/><a href=\"https:\/\/maps.google.com\/maps?f=q&amp;source=s_q&amp;hl=fr&amp;geocode=&amp;q=271+Corniche+Kennedy,+marseille&amp;aq=&amp;sll=37.0625,-95.677068&amp;sspn=52.372705,119.970703&amp;vpsrc=0&amp;t=h&amp;ie=UTF8&amp;hq=271+Corniche+Kennedy,&amp;hnear=Marseille,+Bouches-Du-Rh%C3%B4ne,+Provence-Alpes-C%C3%B4te+d'Azur,+France&amp;ll=43.279892,5.354118&amp;spn=0.047489,0.117159&amp;z=14&amp;iwloc=A&amp;cid=790497301802778355\" target=\"_blank\" rel=\"noopener noreferrer\">Access map<\/a><\/p>\n<\/td>\n<\/tr>\n<\/tbody>\n<\/table>\n<div>\n<div class=\"adresse\">\n<table align=\"center\" border=\"0\" cellpadding=\"1\" cellspacing=\"1\" style=\"width: 800px;\">\n<tbody>\n<tr>\n<td style=\"text-align: center;\">Tel : (+33) (0)4 84 08 00 50<br \/>Email : <a href=\"mailto:planbleu@planbleu.org\">planbleu@planbleu.org<\/a><\/td>\n<\/tr>\n<\/tbody>\n<\/table>\n<\/div>\n<\/div>\n<p>&nbsp;<\/p>\n","protected":false},"excerpt":{"rendered":"<p>Plan Bleu is hosted in Sophia Antipolis and Marseilles. &nbsp; Sophia Antipolis site Marseille site Plan Bleu2000 Route des Lucioles&nbsp;Les Algorithmes &#8211; Thales A06410 Biot-Sophia&nbsp;AntipolisAccess map Plan BleuVilla Valmer271 Corniche Kennedy13007&nbsp;Marseille, FranceAccess map Tel : (+33) (0)4 84 08 00 50Email : planbleu@planbleu.org &nbsp;<\/p>\n","protected":false},"author":326,"featured_media":0,"parent":0,"menu_order":81,"comment_status":"closed","ping_status":"closed","template":"","meta":{"footnotes":""},"tags":[],"pb_tags":[],"class_list":["post-7775","page","type-page","status-publish","hentry"],"yoast_head":"<!-- This site is optimized with the Yoast SEO plugin v25.1 - https:\/\/yoast.com\/wordpress\/plugins\/seo\/ -->\n<title>Contact and access - Plan-bleu : Environnement et d\u00e9veloppement en M\u00e9diterran\u00e9e<\/title>\n<meta name=\"robots\" content=\"index, follow, max-snippet:-1, max-image-preview:large, max-video-preview:-1\" \/>\n<link rel=\"canonical\" href=\"https:\/\/planbleu.org\/?page_id=9\" \/>\n<meta property=\"og:locale\" content=\"en_US\" \/>\n<meta property=\"og:type\" content=\"article\" \/>\n<meta property=\"og:title\" content=\"Contact and access - Plan-bleu : Environnement et d\u00e9veloppement en M\u00e9diterran\u00e9e\" \/>\n<meta property=\"og:description\" content=\"Plan Bleu is hosted in Sophia Antipolis and Marseilles. &nbsp; Sophia Antipolis site Marseille site Plan Bleu2000 Route des Lucioles&nbsp;Les Algorithmes &#8211; Thales A06410 Biot-Sophia&nbsp;AntipolisAccess map Plan BleuVilla Valmer271 Corniche Kennedy13007&nbsp;Marseille, FranceAccess map Tel : (+33) (0)4 84 08 00 50Email : planbleu@planbleu.org &nbsp;\" \/>\n<meta property=\"og:url\" content=\"https:\/\/planbleu.org\/?page_id=9\" \/>\n<meta property=\"og:site_name\" content=\"Plan-bleu : Environnement et d\u00e9veloppement en M\u00e9diterran\u00e9e\" \/>\n<meta property=\"article:publisher\" content=\"https:\/\/www.facebook.com\/planbleu.org\" \/>\n<meta name=\"twitter:card\" content=\"summary_large_image\" \/>\n<script type=\"application\/ld+json\" class=\"yoast-schema-graph\">{\"@context\":\"https:\/\/schema.org\",\"@graph\":[{\"@type\":\"WebPage\",\"@id\":\"https:\/\/planbleu.org\/?page_id=9\",\"url\":\"https:\/\/planbleu.org\/?page_id=9\",\"name\":\"Contact and access - Plan-bleu : Environnement et d\u00e9veloppement en M\u00e9diterran\u00e9e\",\"isPartOf\":{\"@id\":\"https:\/\/planbleu.org\/#website\"},\"datePublished\":\"2020-06-01T17:06:50+00:00\",\"breadcrumb\":{\"@id\":\"https:\/\/planbleu.org\/?page_id=9#breadcrumb\"},\"inLanguage\":\"en-US\",\"potentialAction\":[{\"@type\":\"ReadAction\",\"target\":[\"https:\/\/planbleu.org\/?page_id=9\"]}]},{\"@type\":\"BreadcrumbList\",\"@id\":\"https:\/\/planbleu.org\/?page_id=9#breadcrumb\",\"itemListElement\":[{\"@type\":\"ListItem\",\"position\":1,\"name\":\"Home\",\"item\":\"https:\/\/planbleu.org\/en\/\"},{\"@type\":\"ListItem\",\"position\":2,\"name\":\"Contact and access\"}]},{\"@type\":\"WebSite\",\"@id\":\"https:\/\/planbleu.org\/#website\",\"url\":\"https:\/\/planbleu.org\/\",\"name\":\"Plan-bleu : Environnement et d\u00e9veloppement en M\u00e9diterran\u00e9e\",\"description\":\"\",\"publisher\":{\"@id\":\"https:\/\/planbleu.org\/#organization\"},\"potentialAction\":[{\"@type\":\"SearchAction\",\"target\":{\"@type\":\"EntryPoint\",\"urlTemplate\":\"https:\/\/planbleu.org\/?s={search_term_string}\"},\"query-input\":{\"@type\":\"PropertyValueSpecification\",\"valueRequired\":true,\"valueName\":\"search_term_string\"}}],\"inLanguage\":\"en-US\"},{\"@type\":\"Organization\",\"@id\":\"https:\/\/planbleu.org\/#organization\",\"name\":\"Plan-bleu : Environnement et d\u00e9veloppement en M\u00e9diterran\u00e9e\",\"url\":\"https:\/\/planbleu.org\/\",\"logo\":{\"@type\":\"ImageObject\",\"inLanguage\":\"en-US\",\"@id\":\"https:\/\/planbleu.org\/#\/schema\/logo\/image\/\",\"url\":\"https:\/\/planbleu.org\/wp-content\/uploads\/2023\/04\/cropped-PB-pantone-base-FR-300x196-1.png\",\"contentUrl\":\"https:\/\/planbleu.org\/wp-content\/uploads\/2023\/04\/cropped-PB-pantone-base-FR-300x196-1.png\",\"width\":300,\"height\":196,\"caption\":\"Plan-bleu : Environnement et d\u00e9veloppement en M\u00e9diterran\u00e9e\"},\"image\":{\"@id\":\"https:\/\/planbleu.org\/#\/schema\/logo\/image\/\"},\"sameAs\":[\"https:\/\/www.facebook.com\/planbleu.org\"]}]}<\/script>\n<!-- \/ Yoast SEO plugin. -->","yoast_head_json":{"title":"Contact and access - Plan-bleu : Environnement et d\u00e9veloppement en M\u00e9diterran\u00e9e","robots":{"index":"index","follow":"follow","max-snippet":"max-snippet:-1","max-image-preview":"max-image-preview:large","max-video-preview":"max-video-preview:-1"},"canonical":"https:\/\/planbleu.org\/?page_id=9","og_locale":"en_US","og_type":"article","og_title":"Contact and access - Plan-bleu : Environnement et d\u00e9veloppement en M\u00e9diterran\u00e9e","og_description":"Plan Bleu is hosted in Sophia Antipolis and Marseilles. &nbsp; Sophia Antipolis site Marseille site Plan Bleu2000 Route des Lucioles&nbsp;Les Algorithmes &#8211; Thales A06410 Biot-Sophia&nbsp;AntipolisAccess map Plan BleuVilla Valmer271 Corniche Kennedy13007&nbsp;Marseille, FranceAccess map Tel : (+33) (0)4 84 08 00 50Email : planbleu@planbleu.org &nbsp;","og_url":"https:\/\/planbleu.org\/?page_id=9","og_site_name":"Plan-bleu : Environnement et d\u00e9veloppement en M\u00e9diterran\u00e9e","article_publisher":"https:\/\/www.facebook.com\/planbleu.org","twitter_card":"summary_large_image","schema":{"@context":"https:\/\/schema.org","@graph":[{"@type":"WebPage","@id":"https:\/\/planbleu.org\/?page_id=9","url":"https:\/\/planbleu.org\/?page_id=9","name":"Contact and access - Plan-bleu : Environnement et d\u00e9veloppement en M\u00e9diterran\u00e9e","isPartOf":{"@id":"https:\/\/planbleu.org\/#website"},"datePublished":"2020-06-01T17:06:50+00:00","breadcrumb":{"@id":"https:\/\/planbleu.org\/?page_id=9#breadcrumb"},"inLanguage":"en-US","potentialAction":[{"@type":"ReadAction","target":["https:\/\/planbleu.org\/?page_id=9"]}]},{"@type":"BreadcrumbList","@id":"https:\/\/planbleu.org\/?page_id=9#breadcrumb","itemListElement":[{"@type":"ListItem","position":1,"name":"Home","item":"https:\/\/planbleu.org\/en\/"},{"@type":"ListItem","position":2,"name":"Contact and access"}]},{"@type":"WebSite","@id":"https:\/\/planbleu.org\/#website","url":"https:\/\/planbleu.org\/","name":"Plan-bleu : Environnement et d\u00e9veloppement en M\u00e9diterran\u00e9e","description":"","publisher":{"@id":"https:\/\/planbleu.org\/#organization"},"potentialAction":[{"@type":"SearchAction","target":{"@type":"EntryPoint","urlTemplate":"https:\/\/planbleu.org\/?s={search_term_string}"},"query-input":{"@type":"PropertyValueSpecification","valueRequired":true,"valueName":"search_term_string"}}],"inLanguage":"en-US"},{"@type":"Organization","@id":"https:\/\/planbleu.org\/#organization","name":"Plan-bleu : Environnement et d\u00e9veloppement en M\u00e9diterran\u00e9e","url":"https:\/\/planbleu.org\/","logo":{"@type":"ImageObject","inLanguage":"en-US","@id":"https:\/\/planbleu.org\/#\/schema\/logo\/image\/","url":"https:\/\/planbleu.org\/wp-content\/uploads\/2023\/04\/cropped-PB-pantone-base-FR-300x196-1.png","contentUrl":"https:\/\/planbleu.org\/wp-content\/uploads\/2023\/04\/cropped-PB-pantone-base-FR-300x196-1.png","width":300,"height":196,"caption":"Plan-bleu : Environnement et d\u00e9veloppement en M\u00e9diterran\u00e9e"},"image":{"@id":"https:\/\/planbleu.org\/#\/schema\/logo\/image\/"},"sameAs":["https:\/\/www.facebook.com\/planbleu.org"]}]}},"_links":{"self":[{"href":"https:\/\/planbleu.org\/en\/wp-json\/wp\/v2\/pages\/7775","targetHints":{"allow":["GET"]}}],"collection":[{"href":"https:\/\/planbleu.org\/en\/wp-json\/wp\/v2\/pages"}],"about":[{"href":"https:\/\/planbleu.org\/en\/wp-json\/wp\/v2\/types\/page"}],"author":[{"embeddable":true,"href":"https:\/\/planbleu.org\/en\/wp-json\/wp\/v2\/users\/326"}],"replies":[{"embeddable":true,"href":"https:\/\/planbleu.org\/en\/wp-json\/wp\/v2\/comments?post=7775"}],"version-history":[{"count":0,"href":"https:\/\/planbleu.org\/en\/wp-json\/wp\/v2\/pages\/7775\/revisions"}],"wp:attachment":[{"href":"https:\/\/planbleu.org\/en\/wp-json\/wp\/v2\/media?parent=7775"}],"wp:term":[{"taxonomy":"post_tag","embeddable":true,"href":"https:\/\/planbleu.org\/en\/wp-json\/wp\/v2\/tags?post=7775"},{"taxonomy":"pb_tags","embeddable":true,"href":"https:\/\/planbleu.org\/en\/wp-json\/wp\/v2\/pb_tags?post=7775"}],"curies":[{"name":"wp","href":"https:\/\/api.w.org\/{rel}","templated":true}]}}