{"id":62,"date":"2019-11-29T09:11:14","date_gmt":"2019-11-29T08:11:14","guid":{"rendered":"http:\/\/planbleu.org\/call-for-tender-to-elaborate-a-marine-field-survey-in-patok-rodoni-bay-in-albania-within-the-framework-of-the-gef-adriatic-project\/"},"modified":"2019-11-29T09:11:14","modified_gmt":"2019-11-29T08:11:14","slug":"call-for-tender-to-elaborate-a-marine-field-survey-in-patok-rodoni-bay-in-albania-within-the-framework-of-the-gef-adriatic-project","status":"publish","type":"page","link":"https:\/\/planbleu.org\/en\/call-for-tender-to-elaborate-a-marine-field-survey-in-patok-rodoni-bay-in-albania-within-the-framework-of-the-gef-adriatic-project\/","title":{"rendered":"Call for tender to elaborate a marine field survey in Patok-Rodoni Bay in Albania within the framework of the GEF Adriatic Project"},"content":{"rendered":"<p>The SPA\/RAC launches a call for tender to elaborate a marine field survey in Patok-Rodoni Bay in Albania related to Biodiversity (Habitat and species), NIS, Eutrophication, Hydrography, Contaminants and Marine litter. The deadline for receiving proposals is 17 December 2019.<br \/>\n<!--more--><\/p>\n<p>The SPA\/RAC launches a call for tender to elaborate a marine field survey in Patok-Rodoni Bay in Albania related to Biodiversity (Habitat and species), NIS, Eutrophication, Hydrography, Contaminants and Marine litter. The deadline for receiving proposals is 17 December 2019.<\/p>\n<p>This call for tender is open to firms having experience in mapping, characterization, and monitoring of marine key habitats and biodiversity in the Mediterranean, the use of technology such as the ROV, as well as the measures of physical and chemical marine parameters and the assessment of marine threats such as marine litter and contaminants. The aim is to collect IMAP data, analyses data and describe the study areas, assess its Good environmental Status and provide key elements to be taken into consideration for future MSP within these areas.<\/p>\n<p><strong><a href=\"http:\/\/rac-spa.org\/node\/1809\" target=\"_blank\" rel=\"noopener noreferrer\">More information&#8230;<\/a><\/strong><\/p>\n","protected":false},"excerpt":{"rendered":"<p>The SPA\/RAC launches a call for tender to elaborate a marine field survey in Patok-Rodoni Bay in Albania related to Biodiversity (Habitat and species), NIS, Eutrophication, Hydrography, Contaminants and Marine litter. The deadline for receiving proposals is 17 December 2019.<\/p>\n","protected":false},"author":326,"featured_media":0,"parent":0,"menu_order":207,"comment_status":"closed","ping_status":"closed","template":"","meta":{"footnotes":""},"tags":[],"pb_tags":[],"class_list":["post-62","page","type-page","status-publish","hentry"],"yoast_head":"<!-- This site is optimized with the Yoast SEO plugin v25.1 - https:\/\/yoast.com\/wordpress\/plugins\/seo\/ -->\n<title>Call for tender to elaborate a marine field survey in Patok-Rodoni Bay in Albania within the framework of the GEF Adriatic Project - Plan-bleu : Environnement et d\u00e9veloppement en M\u00e9diterran\u00e9e<\/title>\n<meta name=\"robots\" content=\"index, follow, max-snippet:-1, max-image-preview:large, max-video-preview:-1\" \/>\n<link rel=\"canonical\" href=\"https:\/\/planbleu.org\/en\/call-for-tender-to-elaborate-a-marine-field-survey-in-patok-rodoni-bay-in-albania-within-the-framework-of-the-gef-adriatic-project\/\" \/>\n<meta property=\"og:locale\" content=\"en_US\" \/>\n<meta property=\"og:type\" content=\"article\" \/>\n<meta property=\"og:title\" content=\"Call for tender to elaborate a marine field survey in Patok-Rodoni Bay in Albania within the framework of the GEF Adriatic Project - Plan-bleu : Environnement et d\u00e9veloppement en M\u00e9diterran\u00e9e\" \/>\n<meta property=\"og:description\" content=\"The SPA\/RAC launches a call for tender to elaborate a marine field survey in Patok-Rodoni Bay in Albania related to Biodiversity (Habitat and species), NIS, Eutrophication, Hydrography, Contaminants and Marine litter. The deadline for receiving proposals is 17 December 2019.\" \/>\n<meta property=\"og:url\" content=\"https:\/\/planbleu.org\/en\/call-for-tender-to-elaborate-a-marine-field-survey-in-patok-rodoni-bay-in-albania-within-the-framework-of-the-gef-adriatic-project\/\" \/>\n<meta property=\"og:site_name\" content=\"Plan-bleu : Environnement et d\u00e9veloppement en M\u00e9diterran\u00e9e\" \/>\n<meta property=\"article:publisher\" content=\"https:\/\/www.facebook.com\/planbleu.org\" \/>\n<meta name=\"twitter:card\" content=\"summary_large_image\" \/>\n<meta name=\"twitter:label1\" content=\"Est. reading time\" \/>\n\t<meta name=\"twitter:data1\" content=\"1 minute\" \/>\n<script type=\"application\/ld+json\" class=\"yoast-schema-graph\">{\"@context\":\"https:\/\/schema.org\",\"@graph\":[{\"@type\":\"WebPage\",\"@id\":\"https:\/\/planbleu.org\/en\/call-for-tender-to-elaborate-a-marine-field-survey-in-patok-rodoni-bay-in-albania-within-the-framework-of-the-gef-adriatic-project\/\",\"url\":\"https:\/\/planbleu.org\/en\/call-for-tender-to-elaborate-a-marine-field-survey-in-patok-rodoni-bay-in-albania-within-the-framework-of-the-gef-adriatic-project\/\",\"name\":\"Call for tender to elaborate a marine field survey in Patok-Rodoni Bay in Albania within the framework of the GEF Adriatic Project - Plan-bleu : Environnement et d\u00e9veloppement en M\u00e9diterran\u00e9e\",\"isPartOf\":{\"@id\":\"https:\/\/planbleu.org\/#website\"},\"datePublished\":\"2019-11-29T08:11:14+00:00\",\"breadcrumb\":{\"@id\":\"https:\/\/planbleu.org\/en\/call-for-tender-to-elaborate-a-marine-field-survey-in-patok-rodoni-bay-in-albania-within-the-framework-of-the-gef-adriatic-project\/#breadcrumb\"},\"inLanguage\":\"en-US\",\"potentialAction\":[{\"@type\":\"ReadAction\",\"target\":[\"https:\/\/planbleu.org\/en\/call-for-tender-to-elaborate-a-marine-field-survey-in-patok-rodoni-bay-in-albania-within-the-framework-of-the-gef-adriatic-project\/\"]}]},{\"@type\":\"BreadcrumbList\",\"@id\":\"https:\/\/planbleu.org\/en\/call-for-tender-to-elaborate-a-marine-field-survey-in-patok-rodoni-bay-in-albania-within-the-framework-of-the-gef-adriatic-project\/#breadcrumb\",\"itemListElement\":[{\"@type\":\"ListItem\",\"position\":1,\"name\":\"Home\",\"item\":\"https:\/\/planbleu.org\/en\/\"},{\"@type\":\"ListItem\",\"position\":2,\"name\":\"Call for tender to elaborate a marine field survey in Patok-Rodoni Bay in Albania within the framework of the GEF Adriatic Project\"}]},{\"@type\":\"WebSite\",\"@id\":\"https:\/\/planbleu.org\/#website\",\"url\":\"https:\/\/planbleu.org\/\",\"name\":\"Plan-bleu : Environnement et d\u00e9veloppement en M\u00e9diterran\u00e9e\",\"description\":\"\",\"publisher\":{\"@id\":\"https:\/\/planbleu.org\/#organization\"},\"potentialAction\":[{\"@type\":\"SearchAction\",\"target\":{\"@type\":\"EntryPoint\",\"urlTemplate\":\"https:\/\/planbleu.org\/?s={search_term_string}\"},\"query-input\":{\"@type\":\"PropertyValueSpecification\",\"valueRequired\":true,\"valueName\":\"search_term_string\"}}],\"inLanguage\":\"en-US\"},{\"@type\":\"Organization\",\"@id\":\"https:\/\/planbleu.org\/#organization\",\"name\":\"Plan-bleu : Environnement et d\u00e9veloppement en M\u00e9diterran\u00e9e\",\"url\":\"https:\/\/planbleu.org\/\",\"logo\":{\"@type\":\"ImageObject\",\"inLanguage\":\"en-US\",\"@id\":\"https:\/\/planbleu.org\/#\/schema\/logo\/image\/\",\"url\":\"https:\/\/planbleu.org\/wp-content\/uploads\/2023\/04\/cropped-PB-pantone-base-FR-300x196-1.png\",\"contentUrl\":\"https:\/\/planbleu.org\/wp-content\/uploads\/2023\/04\/cropped-PB-pantone-base-FR-300x196-1.png\",\"width\":300,\"height\":196,\"caption\":\"Plan-bleu : Environnement et d\u00e9veloppement en M\u00e9diterran\u00e9e\"},\"image\":{\"@id\":\"https:\/\/planbleu.org\/#\/schema\/logo\/image\/\"},\"sameAs\":[\"https:\/\/www.facebook.com\/planbleu.org\"]}]}<\/script>\n<!-- \/ Yoast SEO plugin. -->","yoast_head_json":{"title":"Call for tender to elaborate a marine field survey in Patok-Rodoni Bay in Albania within the framework of the GEF Adriatic Project - Plan-bleu : Environnement et d\u00e9veloppement en M\u00e9diterran\u00e9e","robots":{"index":"index","follow":"follow","max-snippet":"max-snippet:-1","max-image-preview":"max-image-preview:large","max-video-preview":"max-video-preview:-1"},"canonical":"https:\/\/planbleu.org\/en\/call-for-tender-to-elaborate-a-marine-field-survey-in-patok-rodoni-bay-in-albania-within-the-framework-of-the-gef-adriatic-project\/","og_locale":"en_US","og_type":"article","og_title":"Call for tender to elaborate a marine field survey in Patok-Rodoni Bay in Albania within the framework of the GEF Adriatic Project - Plan-bleu : Environnement et d\u00e9veloppement en M\u00e9diterran\u00e9e","og_description":"The SPA\/RAC launches a call for tender to elaborate a marine field survey in Patok-Rodoni Bay in Albania related to Biodiversity (Habitat and species), NIS, Eutrophication, Hydrography, Contaminants and Marine litter. The deadline for receiving proposals is 17 December 2019.","og_url":"https:\/\/planbleu.org\/en\/call-for-tender-to-elaborate-a-marine-field-survey-in-patok-rodoni-bay-in-albania-within-the-framework-of-the-gef-adriatic-project\/","og_site_name":"Plan-bleu : Environnement et d\u00e9veloppement en M\u00e9diterran\u00e9e","article_publisher":"https:\/\/www.facebook.com\/planbleu.org","twitter_card":"summary_large_image","twitter_misc":{"Est. reading time":"1 minute"},"schema":{"@context":"https:\/\/schema.org","@graph":[{"@type":"WebPage","@id":"https:\/\/planbleu.org\/en\/call-for-tender-to-elaborate-a-marine-field-survey-in-patok-rodoni-bay-in-albania-within-the-framework-of-the-gef-adriatic-project\/","url":"https:\/\/planbleu.org\/en\/call-for-tender-to-elaborate-a-marine-field-survey-in-patok-rodoni-bay-in-albania-within-the-framework-of-the-gef-adriatic-project\/","name":"Call for tender to elaborate a marine field survey in Patok-Rodoni Bay in Albania within the framework of the GEF Adriatic Project - Plan-bleu : Environnement et d\u00e9veloppement en M\u00e9diterran\u00e9e","isPartOf":{"@id":"https:\/\/planbleu.org\/#website"},"datePublished":"2019-11-29T08:11:14+00:00","breadcrumb":{"@id":"https:\/\/planbleu.org\/en\/call-for-tender-to-elaborate-a-marine-field-survey-in-patok-rodoni-bay-in-albania-within-the-framework-of-the-gef-adriatic-project\/#breadcrumb"},"inLanguage":"en-US","potentialAction":[{"@type":"ReadAction","target":["https:\/\/planbleu.org\/en\/call-for-tender-to-elaborate-a-marine-field-survey-in-patok-rodoni-bay-in-albania-within-the-framework-of-the-gef-adriatic-project\/"]}]},{"@type":"BreadcrumbList","@id":"https:\/\/planbleu.org\/en\/call-for-tender-to-elaborate-a-marine-field-survey-in-patok-rodoni-bay-in-albania-within-the-framework-of-the-gef-adriatic-project\/#breadcrumb","itemListElement":[{"@type":"ListItem","position":1,"name":"Home","item":"https:\/\/planbleu.org\/en\/"},{"@type":"ListItem","position":2,"name":"Call for tender to elaborate a marine field survey in Patok-Rodoni Bay in Albania within the framework of the GEF Adriatic Project"}]},{"@type":"WebSite","@id":"https:\/\/planbleu.org\/#website","url":"https:\/\/planbleu.org\/","name":"Plan-bleu : Environnement et d\u00e9veloppement en M\u00e9diterran\u00e9e","description":"","publisher":{"@id":"https:\/\/planbleu.org\/#organization"},"potentialAction":[{"@type":"SearchAction","target":{"@type":"EntryPoint","urlTemplate":"https:\/\/planbleu.org\/?s={search_term_string}"},"query-input":{"@type":"PropertyValueSpecification","valueRequired":true,"valueName":"search_term_string"}}],"inLanguage":"en-US"},{"@type":"Organization","@id":"https:\/\/planbleu.org\/#organization","name":"Plan-bleu : Environnement et d\u00e9veloppement en M\u00e9diterran\u00e9e","url":"https:\/\/planbleu.org\/","logo":{"@type":"ImageObject","inLanguage":"en-US","@id":"https:\/\/planbleu.org\/#\/schema\/logo\/image\/","url":"https:\/\/planbleu.org\/wp-content\/uploads\/2023\/04\/cropped-PB-pantone-base-FR-300x196-1.png","contentUrl":"https:\/\/planbleu.org\/wp-content\/uploads\/2023\/04\/cropped-PB-pantone-base-FR-300x196-1.png","width":300,"height":196,"caption":"Plan-bleu : Environnement et d\u00e9veloppement en M\u00e9diterran\u00e9e"},"image":{"@id":"https:\/\/planbleu.org\/#\/schema\/logo\/image\/"},"sameAs":["https:\/\/www.facebook.com\/planbleu.org"]}]}},"_links":{"self":[{"href":"https:\/\/planbleu.org\/en\/wp-json\/wp\/v2\/pages\/62","targetHints":{"allow":["GET"]}}],"collection":[{"href":"https:\/\/planbleu.org\/en\/wp-json\/wp\/v2\/pages"}],"about":[{"href":"https:\/\/planbleu.org\/en\/wp-json\/wp\/v2\/types\/page"}],"author":[{"embeddable":true,"href":"https:\/\/planbleu.org\/en\/wp-json\/wp\/v2\/users\/326"}],"replies":[{"embeddable":true,"href":"https:\/\/planbleu.org\/en\/wp-json\/wp\/v2\/comments?post=62"}],"version-history":[{"count":0,"href":"https:\/\/planbleu.org\/en\/wp-json\/wp\/v2\/pages\/62\/revisions"}],"wp:attachment":[{"href":"https:\/\/planbleu.org\/en\/wp-json\/wp\/v2\/media?parent=62"}],"wp:term":[{"taxonomy":"post_tag","embeddable":true,"href":"https:\/\/planbleu.org\/en\/wp-json\/wp\/v2\/tags?post=62"},{"taxonomy":"pb_tags","embeddable":true,"href":"https:\/\/planbleu.org\/en\/wp-json\/wp\/v2\/pb_tags?post=62"}],"curies":[{"name":"wp","href":"https:\/\/api.w.org\/{rel}","templated":true}]}}